{"id":84,"date":"2023-12-30T22:04:56","date_gmt":"2023-12-30T22:04:56","guid":{"rendered":"https:\/\/www.bilgeri-informatik.ch\/wp\/?page_id=84"},"modified":"2023-12-30T22:40:53","modified_gmt":"2023-12-30T22:40:53","slug":"84-2","status":"publish","type":"page","link":"https:\/\/www.bilgeri-informatik.ch\/wp\/","title":{"rendered":"Bilgeri Informatik"},"content":{"rendered":"\n<p class=\"has-text-align-center has-large-font-size\">Ihr unabh\u00e4ngiger Anbieter von nachhaltigen, robusten und sicheren L\u00f6sungen mit Schwerpunkt in <span class=\"has-inline-color has-accent-color\">Freier und Open Source Software<\/span> f\u00fcr kleine und mittlere Unternehmen, Schulen und Beh\u00f6rden.<\/p>\n\n\n\n<p><\/p>\n","protected":false},"excerpt":{"rendered":"<p>Ihr unabh\u00e4ngiger Anbieter von nachhaltigen, robusten und sicheren L\u00f6sungen mit Schwerpunkt in Freier und Open Source Software f\u00fcr kleine und mittlere Unternehmen, Schulen und Beh\u00f6rden.<\/p>\n","protected":false},"author":1,"featured_media":0,"parent":0,"menu_order":0,"comment_status":"closed","ping_status":"closed","template":"","meta":{"footnotes":""},"_links":{"self":[{"href":"https:\/\/www.bilgeri-informatik.ch\/wp\/index.php?rest_route=\/wp\/v2\/pages\/84"}],"collection":[{"href":"https:\/\/www.bilgeri-informatik.ch\/wp\/index.php?rest_route=\/wp\/v2\/pages"}],"about":[{"href":"https:\/\/www.bilgeri-informatik.ch\/wp\/index.php?rest_route=\/wp\/v2\/types\/page"}],"author":[{"embeddable":true,"href":"https:\/\/www.bilgeri-informatik.ch\/wp\/index.php?rest_route=\/wp\/v2\/users\/1"}],"replies":[{"embeddable":true,"href":"https:\/\/www.bilgeri-informatik.ch\/wp\/index.php?rest_route=%2Fwp%2Fv2%2Fcomments&post=84"}],"version-history":[{"count":9,"href":"https:\/\/www.bilgeri-informatik.ch\/wp\/index.php?rest_route=\/wp\/v2\/pages\/84\/revisions"}],"predecessor-version":[{"id":107,"href":"https:\/\/www.bilgeri-informatik.ch\/wp\/index.php?rest_route=\/wp\/v2\/pages\/84\/revisions\/107"}],"wp:attachment":[{"href":"https:\/\/www.bilgeri-informatik.ch\/wp\/index.php?rest_route=%2Fwp%2Fv2%2Fmedia&parent=84"}],"curies":[{"name":"wp","href":"https:\/\/api.w.org\/{rel}","templated":true}]}}